{"id":41112,"date":"2026-04-17T18:21:50","date_gmt":"2026-04-17T17:21:50","guid":{"rendered":"https:\/\/bilharestelhado.com\/produto\/matreco-comercial-baliza-exterior\/"},"modified":"2026-04-20T10:48:32","modified_gmt":"2026-04-20T09:48:32","slug":"matreco-comercial-baliza-exterior","status":"publish","type":"product","link":"https:\/\/bilharestelhado.com\/en\/product\/matreco-comercial-baliza-exterior\/","title":{"rendered":"Matreco Comercial Baliza Exterior"},"content":{"rendered":"<p> Matreco em madeira maci\u00e7a&nbsp;com campo de abrir&nbsp;separado para melhor facilidade&nbsp;de limpeza do mesmo. Medidas sem bar\u00f5es 1,36 X 72 X 90 &nbsp;Medidas&nbsp;com bar\u00f5es&nbsp;1,36 X 1,25 X 90Area de Jogo: 118 cm X 64,50 cm <\/p>\n","protected":false},"excerpt":{"rendered":"<p>Matreco em madeira maci\u00e7a&nbsp;com campo de abrir&nbsp;separado para melhor facilidade&nbsp;de limpeza do mesmo. Medidas sem bar\u00f5es 1,36 X 72 X 90 &nbsp;Medidas&nbsp;com bar\u00f5es&nbsp;1,36 X 1,25 X 90Area de Jogo: 118 cm X 64,50 cm<\/p>\n","protected":false},"featured_media":5281,"comment_status":"closed","ping_status":"closed","template":"","meta":{"_acf_changed":false},"product_brand":[],"product_cat":[598,606],"product_tag":[],"class_list":{"0":"post-41112","1":"product","2":"type-product","3":"status-publish","4":"has-post-thumbnail","6":"product_cat-table-football","7":"product_cat-table-football-tables","9":"first","10":"outofstock","11":"taxable","12":"shipping-taxable","13":"purchasable","14":"product-type-simple"},"acf":[],"yoast_head":"<!-- This site is optimized with the Yoast SEO plugin v27.5 - https:\/\/yoast.com\/product\/yoast-seo-wordpress\/ -->\n<title>Matreco Comercial Baliza Exterior | Bilhares Telhado<\/title>\n<meta name=\"robots\" content=\"index, follow, max-snippet:-1, max-image-preview:large, max-video-preview:-1\" \/>\n<link rel=\"canonical\" href=\"https:\/\/bilharestelhado.com\/en\/product\/matreco-comercial-baliza-exterior\/\" \/>\n<meta property=\"og:locale\" content=\"en_US\" \/>\n<meta property=\"og:type\" content=\"article\" \/>\n<meta property=\"og:title\" content=\"Matreco Comercial Baliza Exterior | Bilhares Telhado\" \/>\n<meta property=\"og:description\" content=\"Matreco em madeira maci\u00e7a&nbsp;com campo de abrir&nbsp;separado para melhor facilidade&nbsp;de limpeza do mesmo. Medidas sem bar\u00f5es 1,36 X 72 X 90 &nbsp;Medidas&nbsp;com bar\u00f5es&nbsp;1,36 X 1,25 X 90Area de Jogo: 118 cm X 64,50 cm\" \/>\n<meta property=\"og:url\" content=\"https:\/\/bilharestelhado.com\/en\/product\/matreco-comercial-baliza-exterior\/\" \/>\n<meta property=\"og:site_name\" content=\"Bilhares Telhado\" \/>\n<meta property=\"article:modified_time\" content=\"2026-04-20T09:48:32+00:00\" \/>\n<meta property=\"og:image\" content=\"https:\/\/bilharestelhado.com\/wp-content\/uploads\/2026\/03\/00037_xl_33_xl.jpg\" \/>\n\t<meta property=\"og:image:width\" content=\"1000\" \/>\n\t<meta property=\"og:image:height\" content=\"750\" \/>\n\t<meta property=\"og:image:type\" content=\"image\/jpeg\" \/>\n<meta name=\"twitter:card\" content=\"summary_large_image\" \/>\n<script type=\"application\/ld+json\" class=\"yoast-schema-graph\">{\"@context\":\"https:\\\/\\\/schema.org\",\"@graph\":[{\"@type\":\"WebPage\",\"@id\":\"https:\\\/\\\/bilharestelhado.com\\\/en\\\/product\\\/matreco-comercial-baliza-exterior\\\/\",\"url\":\"https:\\\/\\\/bilharestelhado.com\\\/en\\\/product\\\/matreco-comercial-baliza-exterior\\\/\",\"name\":\"Matreco Comercial Baliza Exterior | Bilhares Telhado\",\"isPartOf\":{\"@id\":\"https:\\\/\\\/bilharestelhado.com\\\/en\\\/#website\"},\"primaryImageOfPage\":{\"@id\":\"https:\\\/\\\/bilharestelhado.com\\\/en\\\/product\\\/matreco-comercial-baliza-exterior\\\/#primaryimage\"},\"image\":{\"@id\":\"https:\\\/\\\/bilharestelhado.com\\\/en\\\/product\\\/matreco-comercial-baliza-exterior\\\/#primaryimage\"},\"thumbnailUrl\":\"https:\\\/\\\/bilharestelhado.com\\\/wp-content\\\/uploads\\\/2026\\\/03\\\/00037_xl_33_xl.jpg\",\"datePublished\":\"2026-04-17T17:21:50+00:00\",\"dateModified\":\"2026-04-20T09:48:32+00:00\",\"breadcrumb\":{\"@id\":\"https:\\\/\\\/bilharestelhado.com\\\/en\\\/product\\\/matreco-comercial-baliza-exterior\\\/#breadcrumb\"},\"inLanguage\":\"en-US\",\"potentialAction\":[{\"@type\":\"ReadAction\",\"target\":[\"https:\\\/\\\/bilharestelhado.com\\\/en\\\/product\\\/matreco-comercial-baliza-exterior\\\/\"]}]},{\"@type\":\"ImageObject\",\"inLanguage\":\"en-US\",\"@id\":\"https:\\\/\\\/bilharestelhado.com\\\/en\\\/product\\\/matreco-comercial-baliza-exterior\\\/#primaryimage\",\"url\":\"https:\\\/\\\/bilharestelhado.com\\\/wp-content\\\/uploads\\\/2026\\\/03\\\/00037_xl_33_xl.jpg\",\"contentUrl\":\"https:\\\/\\\/bilharestelhado.com\\\/wp-content\\\/uploads\\\/2026\\\/03\\\/00037_xl_33_xl.jpg\",\"width\":1000,\"height\":750},{\"@type\":\"BreadcrumbList\",\"@id\":\"https:\\\/\\\/bilharestelhado.com\\\/en\\\/product\\\/matreco-comercial-baliza-exterior\\\/#breadcrumb\",\"itemListElement\":[{\"@type\":\"ListItem\",\"position\":1,\"name\":\"In\u00edcio\",\"item\":\"https:\\\/\\\/bilharestelhado.com\\\/en\\\/homepage\\\/\"},{\"@type\":\"ListItem\",\"position\":2,\"name\":\"Online Store\",\"item\":\"https:\\\/\\\/bilharestelhado.com\\\/en\\\/shop\\\/\"},{\"@type\":\"ListItem\",\"position\":3,\"name\":\"Matreco Comercial Baliza Exterior\"}]},{\"@type\":\"WebSite\",\"@id\":\"https:\\\/\\\/bilharestelhado.com\\\/en\\\/#website\",\"url\":\"https:\\\/\\\/bilharestelhado.com\\\/en\\\/\",\"name\":\"Bilhares Telhado\",\"description\":\"Bilhares, matraquilhos e jogos de lazer para todos os n\u00edveis, com design moderno e qualidade profissional.\",\"publisher\":{\"@id\":\"https:\\\/\\\/bilharestelhado.com\\\/en\\\/#organization\"},\"potentialAction\":[{\"@type\":\"SearchAction\",\"target\":{\"@type\":\"EntryPoint\",\"urlTemplate\":\"https:\\\/\\\/bilharestelhado.com\\\/en\\\/?s={search_term_string}\"},\"query-input\":{\"@type\":\"PropertyValueSpecification\",\"valueRequired\":true,\"valueName\":\"search_term_string\"}}],\"inLanguage\":\"en-US\"},{\"@type\":\"Organization\",\"@id\":\"https:\\\/\\\/bilharestelhado.com\\\/en\\\/#organization\",\"name\":\"Bilhares Telhado\",\"url\":\"https:\\\/\\\/bilharestelhado.com\\\/en\\\/\",\"logo\":{\"@type\":\"ImageObject\",\"inLanguage\":\"en-US\",\"@id\":\"https:\\\/\\\/bilharestelhado.com\\\/en\\\/#\\\/schema\\\/logo\\\/image\\\/\",\"url\":\"https:\\\/\\\/bilharestelhado.com\\\/wp-content\\\/uploads\\\/2026\\\/02\\\/topo.png\",\"contentUrl\":\"https:\\\/\\\/bilharestelhado.com\\\/wp-content\\\/uploads\\\/2026\\\/02\\\/topo.png\",\"width\":351,\"height\":100,\"caption\":\"Bilhares Telhado\"},\"image\":{\"@id\":\"https:\\\/\\\/bilharestelhado.com\\\/en\\\/#\\\/schema\\\/logo\\\/image\\\/\"}}]}<\/script>\n<!-- \/ Yoast SEO plugin. -->","yoast_head_json":{"title":"Matreco Comercial Baliza Exterior | Bilhares Telhado","robots":{"index":"index","follow":"follow","max-snippet":"max-snippet:-1","max-image-preview":"max-image-preview:large","max-video-preview":"max-video-preview:-1"},"canonical":"https:\/\/bilharestelhado.com\/en\/product\/matreco-comercial-baliza-exterior\/","og_locale":"en_US","og_type":"article","og_title":"Matreco Comercial Baliza Exterior | Bilhares Telhado","og_description":"Matreco em madeira maci\u00e7a&nbsp;com campo de abrir&nbsp;separado para melhor facilidade&nbsp;de limpeza do mesmo. Medidas sem bar\u00f5es 1,36 X 72 X 90 &nbsp;Medidas&nbsp;com bar\u00f5es&nbsp;1,36 X 1,25 X 90Area de Jogo: 118 cm X 64,50 cm","og_url":"https:\/\/bilharestelhado.com\/en\/product\/matreco-comercial-baliza-exterior\/","og_site_name":"Bilhares Telhado","article_modified_time":"2026-04-20T09:48:32+00:00","og_image":[{"width":1000,"height":750,"url":"https:\/\/bilharestelhado.com\/wp-content\/uploads\/2026\/03\/00037_xl_33_xl.jpg","type":"image\/jpeg"}],"twitter_card":"summary_large_image","schema":{"@context":"https:\/\/schema.org","@graph":[{"@type":"WebPage","@id":"https:\/\/bilharestelhado.com\/en\/product\/matreco-comercial-baliza-exterior\/","url":"https:\/\/bilharestelhado.com\/en\/product\/matreco-comercial-baliza-exterior\/","name":"Matreco Comercial Baliza Exterior | Bilhares Telhado","isPartOf":{"@id":"https:\/\/bilharestelhado.com\/en\/#website"},"primaryImageOfPage":{"@id":"https:\/\/bilharestelhado.com\/en\/product\/matreco-comercial-baliza-exterior\/#primaryimage"},"image":{"@id":"https:\/\/bilharestelhado.com\/en\/product\/matreco-comercial-baliza-exterior\/#primaryimage"},"thumbnailUrl":"https:\/\/bilharestelhado.com\/wp-content\/uploads\/2026\/03\/00037_xl_33_xl.jpg","datePublished":"2026-04-17T17:21:50+00:00","dateModified":"2026-04-20T09:48:32+00:00","breadcrumb":{"@id":"https:\/\/bilharestelhado.com\/en\/product\/matreco-comercial-baliza-exterior\/#breadcrumb"},"inLanguage":"en-US","potentialAction":[{"@type":"ReadAction","target":["https:\/\/bilharestelhado.com\/en\/product\/matreco-comercial-baliza-exterior\/"]}]},{"@type":"ImageObject","inLanguage":"en-US","@id":"https:\/\/bilharestelhado.com\/en\/product\/matreco-comercial-baliza-exterior\/#primaryimage","url":"https:\/\/bilharestelhado.com\/wp-content\/uploads\/2026\/03\/00037_xl_33_xl.jpg","contentUrl":"https:\/\/bilharestelhado.com\/wp-content\/uploads\/2026\/03\/00037_xl_33_xl.jpg","width":1000,"height":750},{"@type":"BreadcrumbList","@id":"https:\/\/bilharestelhado.com\/en\/product\/matreco-comercial-baliza-exterior\/#breadcrumb","itemListElement":[{"@type":"ListItem","position":1,"name":"In\u00edcio","item":"https:\/\/bilharestelhado.com\/en\/homepage\/"},{"@type":"ListItem","position":2,"name":"Online Store","item":"https:\/\/bilharestelhado.com\/en\/shop\/"},{"@type":"ListItem","position":3,"name":"Matreco Comercial Baliza Exterior"}]},{"@type":"WebSite","@id":"https:\/\/bilharestelhado.com\/en\/#website","url":"https:\/\/bilharestelhado.com\/en\/","name":"Bilhares Telhado","description":"Bilhares, matraquilhos e jogos de lazer para todos os n\u00edveis, com design moderno e qualidade profissional.","publisher":{"@id":"https:\/\/bilharestelhado.com\/en\/#organization"},"potentialAction":[{"@type":"SearchAction","target":{"@type":"EntryPoint","urlTemplate":"https:\/\/bilharestelhado.com\/en\/?s={search_term_string}"},"query-input":{"@type":"PropertyValueSpecification","valueRequired":true,"valueName":"search_term_string"}}],"inLanguage":"en-US"},{"@type":"Organization","@id":"https:\/\/bilharestelhado.com\/en\/#organization","name":"Bilhares Telhado","url":"https:\/\/bilharestelhado.com\/en\/","logo":{"@type":"ImageObject","inLanguage":"en-US","@id":"https:\/\/bilharestelhado.com\/en\/#\/schema\/logo\/image\/","url":"https:\/\/bilharestelhado.com\/wp-content\/uploads\/2026\/02\/topo.png","contentUrl":"https:\/\/bilharestelhado.com\/wp-content\/uploads\/2026\/02\/topo.png","width":351,"height":100,"caption":"Bilhares Telhado"},"image":{"@id":"https:\/\/bilharestelhado.com\/en\/#\/schema\/logo\/image\/"}}]}},"_links":{"self":[{"href":"https:\/\/bilharestelhado.com\/en\/wp-json\/wp\/v2\/product\/41112","targetHints":{"allow":["GET"]}}],"collection":[{"href":"https:\/\/bilharestelhado.com\/en\/wp-json\/wp\/v2\/product"}],"about":[{"href":"https:\/\/bilharestelhado.com\/en\/wp-json\/wp\/v2\/types\/product"}],"replies":[{"embeddable":true,"href":"https:\/\/bilharestelhado.com\/en\/wp-json\/wp\/v2\/comments?post=41112"}],"wp:featuredmedia":[{"embeddable":true,"href":"https:\/\/bilharestelhado.com\/en\/wp-json\/wp\/v2\/media\/5281"}],"wp:attachment":[{"href":"https:\/\/bilharestelhado.com\/en\/wp-json\/wp\/v2\/media?parent=41112"}],"wp:term":[{"taxonomy":"product_brand","embeddable":true,"href":"https:\/\/bilharestelhado.com\/en\/wp-json\/wp\/v2\/product_brand?post=41112"},{"taxonomy":"product_cat","embeddable":true,"href":"https:\/\/bilharestelhado.com\/en\/wp-json\/wp\/v2\/product_cat?post=41112"},{"taxonomy":"product_tag","embeddable":true,"href":"https:\/\/bilharestelhado.com\/en\/wp-json\/wp\/v2\/product_tag?post=41112"}],"curies":[{"name":"wp","href":"https:\/\/api.w.org\/{rel}","templated":true}]}}